{"id":54,"date":"2021-05-28T09:56:29","date_gmt":"2021-05-28T09:56:29","guid":{"rendered":"https:\/\/labcom.ubi.pt\/?page_id=54"},"modified":"2025-12-18T11:20:36","modified_gmt":"2025-12-18T11:20:36","slug":"doutoramento","status":"publish","type":"page","link":"https:\/\/labcom.ubi.pt\/en\/doutoramento\/","title":{"rendered":"Doctorate"},"content":{"rendered":"<div data-elementor-type=\"wp-page\" data-elementor-id=\"54\" class=\"elementor elementor-54\" data-elementor-post-type=\"page\">\n\t\t\t\t\t\t<div class=\"elementor-section elementor-top-section elementor-element elementor-element-53147176 elementor-section-stretched media-title elementor-section-content-middle elementor-section-full_width elementor-section-height-default elementor-section-height-default wpr-particle-no wpr-jarallax-no wpr-parallax-no wpr-sticky-section-no elementor-invisible\" data-id=\"53147176\" data-element_type=\"section\" data-settings=\"{&quot;stretch_section&quot;:&quot;section-stretched&quot;,&quot;animation&quot;:&quot;fadeInRight&quot;}\">\n\t\t\t\t\t\t<div class=\"elementor-container elementor-column-gap-default\">\n\t\t\t\t\t<div class=\"elementor-column elementor-col-100 elementor-top-column elementor-element elementor-element-59c3710\" data-id=\"59c3710\" data-element_type=\"column\" data-settings=\"{&quot;background_background&quot;:&quot;slideshow&quot;,&quot;background_slideshow_slide_duration&quot;:1,&quot;background_slideshow_transition_duration&quot;:4000,&quot;background_slideshow_ken_burns&quot;:&quot;yes&quot;,&quot;background_slideshow_slide_transition&quot;:&quot;slide_right&quot;,&quot;background_slideshow_gallery&quot;:[],&quot;background_slideshow_loop&quot;:&quot;yes&quot;,&quot;background_slideshow_ken_burns_zoom_direction&quot;:&quot;in&quot;}\">\n\t\t\t<div class=\"elementor-widget-wrap elementor-element-populated\">\n\t\t\t\t\t\t<div class=\"elementor-element elementor-element-f911fe1 elementor-widget-divider--view-line_text elementor-widget-divider--element-align-left elementor-invisible elementor-widget elementor-widget-divider\" data-id=\"f911fe1\" data-element_type=\"widget\" data-settings=\"{&quot;_animation&quot;:&quot;fadeIn&quot;}\" data-widget_type=\"divider.default\">\n\t\t\t\t<div class=\"elementor-widget-container\">\n\t\t\t\t\t<div class=\"elementor-divider\">\n\t\t\t<span class=\"elementor-divider-separator\">\n\t\t\t\t\t\t\t<h2 class=\"elementor-divider__text elementor-divider__element\">\n\t\t\t\tDOCTORATE\t\t\t\t<\/h2>\n\t\t\t\t\t\t<\/span>\n\t\t<\/div>\n\t\t\t\t<\/div>\n\t\t\t\t<\/div>\n\t\t\t\t\t<\/div>\n\t\t<\/div>\n\t\t\t\t\t<\/div>\n\t\t<\/div>\n\t\t\t\t<section class=\"elementor-section elementor-top-section elementor-element elementor-element-3f8b7331 elementor-section-stretched media-content elementor-section-content-top elementor-section-full_width elementor-hidden-tablet elementor-hidden-mobile elementor-section-height-default elementor-section-height-default wpr-particle-no wpr-jarallax-no wpr-parallax-no wpr-sticky-section-no elementor-invisible\" data-id=\"3f8b7331\" data-element_type=\"section\" data-settings=\"{&quot;stretch_section&quot;:&quot;section-stretched&quot;,&quot;animation&quot;:&quot;fadeInRight&quot;}\">\n\t\t\t\t\t\t<div class=\"elementor-container elementor-column-gap-narrow\">\n\t\t\t\t\t<div class=\"elementor-column elementor-col-100 elementor-top-column elementor-element elementor-element-fb0655b media-card elementor-hidden-phone\" data-id=\"fb0655b\" data-element_type=\"column\" data-settings=\"{&quot;background_background&quot;:&quot;classic&quot;}\">\n\t\t\t<div class=\"elementor-widget-wrap elementor-element-populated\">\n\t\t\t\t\t\t<div class=\"elementor-element elementor-element-6d5c2d1 elementor-widget elementor-widget-heading\" data-id=\"6d5c2d1\" data-element_type=\"widget\" data-widget_type=\"heading.default\">\n\t\t\t\t<div class=\"elementor-widget-container\">\n\t\t\t<h3 class=\"elementor-heading-title elementor-size-default\">Communication Sciences<\/h3>\t\t<\/div>\n\t\t\t\t<\/div>\n\t\t\t\t<div class=\"elementor-element elementor-element-29761f7 elementor-widget elementor-widget-text-editor\" data-id=\"29761f7\" data-element_type=\"widget\" data-widget_type=\"text-editor.default\">\n\t\t\t\t<div class=\"elementor-widget-container\">\n\t\t\t\t\t\t\t<div class=\"Barras\"><a href=\"https:\/\/www.ubi.pt\/Entidade\/departamento_de_comunicacao_filosofia_e_politica\" target=\"_blank\" rel=\"noopener\">Department of Communication, Philosophy and Politics<\/a><\/div>\t\t\t\t\t\t<\/div>\n\t\t\t\t<\/div>\n\t\t\t\t<div class=\"elementor-element elementor-element-514c8e2 elementor-widget elementor-widget-text-editor\" data-id=\"514c8e2\" data-element_type=\"widget\" data-widget_type=\"text-editor.default\">\n\t\t\t\t<div class=\"elementor-widget-container\">\n\t\t\t\t\t\t\t<div class=\"Barras\"><span id=\"ConteudoHolder_Repeater_Nome_Curso_display_curso_info1_0_LV_Info_Curso_0_UcSaidasLabel_0\">The PhD in Communication Sciences aims to guarantee the qualification of cultural, business and professional agents in the field of communication, providing advanced training of high quality that enables them to intervene, as researchers and communicators, in the public sphere, whatever their insertion. professional: schools, companies or public administration. <\/span><\/div><div>\u00a0<\/div><div class=\"Barras\"><span id=\"ConteudoHolder_Repeater_Nome_Curso_display_curso_info1_0_LV_Info_Curso_0_UcSaidasLabel_0\">More specifically, the course is aimed at the advanced training of agents in the following areas: teaching and research in higher education institutions (Universities and Polytechnic Institutes); acting in companies in the media area (Newspapers, Radio Televisions, Internet), namely at the level of their study offices; acting in companies in the areas of Advertising and Public Relations; specialized technical consultancy in the area of \u200b\u200bcommunication for companies and institutions in the most diverse areas of social life.<\/span><\/div>\t\t\t\t\t\t<\/div>\n\t\t\t\t<\/div>\n\t\t\t\t<div class=\"elementor-element elementor-element-de83594 elementor-widget elementor-widget-spacer\" data-id=\"de83594\" data-element_type=\"widget\" data-widget_type=\"spacer.default\">\n\t\t\t\t<div class=\"elementor-widget-container\">\n\t\t\t\t\t<div class=\"elementor-spacer\">\n\t\t\t<div class=\"elementor-spacer-inner\"><\/div>\n\t\t<\/div>\n\t\t\t\t<\/div>\n\t\t\t\t<\/div>\n\t\t\t\t<div class=\"elementor-element elementor-element-9fa5bc2 phd-button elementor-align-center elementor-tablet-align-justify elementor-widget elementor-widget-button\" data-id=\"9fa5bc2\" data-element_type=\"widget\" data-widget_type=\"button.default\">\n\t\t\t\t<div class=\"elementor-widget-container\">\n\t\t\t\t\t<div class=\"elementor-button-wrapper\">\n\t\t\t<a class=\"elementor-button elementor-button-link elementor-size-md\" href=\"https:\/\/www.ubi.pt\/curso\/843\" target=\"_blank\">\n\t\t\t\t\t\t<span class=\"elementor-button-content-wrapper\">\n\t\t\t\t\t\t\t\t\t<span class=\"elementor-button-text\">SEE MORE<\/span>\n\t\t\t\t\t<\/span>\n\t\t\t\t\t<\/a>\n\t\t<\/div>\n\t\t\t\t<\/div>\n\t\t\t\t<\/div>\n\t\t\t\t\t<\/div>\n\t\t<\/div>\n\t\t\t\t\t<\/div>\n\t\t<\/section>\n\t\t\t\t<section class=\"elementor-section elementor-top-section elementor-element elementor-element-870e068 elementor-section-stretched media-content elementor-section-content-top elementor-section-full_width elementor-hidden-desktop elementor-section-height-default elementor-section-height-default wpr-particle-no wpr-jarallax-no wpr-parallax-no wpr-sticky-section-no elementor-invisible\" data-id=\"870e068\" data-element_type=\"section\" data-settings=\"{&quot;stretch_section&quot;:&quot;section-stretched&quot;,&quot;animation&quot;:&quot;fadeIn&quot;}\">\n\t\t\t\t\t\t<div class=\"elementor-container elementor-column-gap-narrow\">\n\t\t\t\t\t<div class=\"elementor-column elementor-col-100 elementor-top-column elementor-element elementor-element-e00d99f media-card\" data-id=\"e00d99f\" data-element_type=\"column\" data-settings=\"{&quot;background_background&quot;:&quot;classic&quot;}\">\n\t\t\t<div class=\"elementor-widget-wrap elementor-element-populated\">\n\t\t\t\t\t\t<div class=\"elementor-element elementor-element-cda1ee6 elementor-widget elementor-widget-heading\" data-id=\"cda1ee6\" data-element_type=\"widget\" data-widget_type=\"heading.default\">\n\t\t\t\t<div class=\"elementor-widget-container\">\n\t\t\t<h3 class=\"elementor-heading-title elementor-size-default\"><a href=\"http:\/\/www.urbi.ubi.pt\/\">Communication Sciences<\/a><\/h3>\t\t<\/div>\n\t\t\t\t<\/div>\n\t\t\t\t<div class=\"elementor-element elementor-element-27e1b01 elementor-widget elementor-widget-text-editor\" data-id=\"27e1b01\" data-element_type=\"widget\" data-widget_type=\"text-editor.default\">\n\t\t\t\t<div class=\"elementor-widget-container\">\n\t\t\t\t\t\t\t<div class=\"Barras\"><a href=\"https:\/\/www.ubi.pt\/Entidade\/departamento_de_comunicacao_filosofia_e_politica\" target=\"_blank\" rel=\"noopener\">Department of Communication, Philosophy and Politics<\/a><\/div>\t\t\t\t\t\t<\/div>\n\t\t\t\t<\/div>\n\t\t\t\t<div class=\"elementor-element elementor-element-784bfb2 elementor-widget-divider--view-line elementor-widget elementor-widget-divider\" data-id=\"784bfb2\" data-element_type=\"widget\" data-widget_type=\"divider.default\">\n\t\t\t\t<div class=\"elementor-widget-container\">\n\t\t\t\t\t<div class=\"elementor-divider\">\n\t\t\t<span class=\"elementor-divider-separator\">\n\t\t\t\t\t\t<\/span>\n\t\t<\/div>\n\t\t\t\t<\/div>\n\t\t\t\t<\/div>\n\t\t\t\t<div class=\"elementor-element elementor-element-6f16e46 elementor-widget elementor-widget-text-editor\" data-id=\"6f16e46\" data-element_type=\"widget\" data-widget_type=\"text-editor.default\">\n\t\t\t\t<div class=\"elementor-widget-container\">\n\t\t\t\t\t\t\t<div class=\"Barras\"><span id=\"ConteudoHolder_Repeater_Nome_Curso_display_curso_info1_0_LV_Info_Curso_0_UcSaidasLabel_0\">The PhD in Communication Sciences aims to guarantee the qualification of cultural, business and professional agents in the field of communication, providing advanced training of high quality that enables them to intervene, as researchers and communicators, in the public sphere, whatever their insertion. professional: schools, companies or public administration. <\/span><\/div><div>\u00a0<\/div><div class=\"Barras\"><span id=\"ConteudoHolder_Repeater_Nome_Curso_display_curso_info1_0_LV_Info_Curso_0_UcSaidasLabel_0\">More specifically, the course is aimed at the advanced training of agents in the following areas: teaching and research in higher education institutions (Universities and Polytechnic Institutes); acting in companies in the media area (Newspapers, Radio Televisions, Internet), namely at the level of their study offices; acting in companies in the areas of Advertising and Public Relations; specialized technical consultancy in the area of \u200b\u200bcommunication for companies and institutions in the most diverse areas of social life.<\/span><\/div>\t\t\t\t\t\t<\/div>\n\t\t\t\t<\/div>\n\t\t\t\t<div class=\"elementor-element elementor-element-5aeb249 elementor-widget elementor-widget-spacer\" data-id=\"5aeb249\" data-element_type=\"widget\" data-widget_type=\"spacer.default\">\n\t\t\t\t<div class=\"elementor-widget-container\">\n\t\t\t\t\t<div class=\"elementor-spacer\">\n\t\t\t<div class=\"elementor-spacer-inner\"><\/div>\n\t\t<\/div>\n\t\t\t\t<\/div>\n\t\t\t\t<\/div>\n\t\t\t\t<div class=\"elementor-element elementor-element-45f20ae phd-button elementor-align-center elementor-tablet-align-justify elementor-widget elementor-widget-button\" data-id=\"45f20ae\" data-element_type=\"widget\" data-widget_type=\"button.default\">\n\t\t\t\t<div class=\"elementor-widget-container\">\n\t\t\t\t\t<div class=\"elementor-button-wrapper\">\n\t\t\t<a class=\"elementor-button elementor-button-link elementor-size-md\" href=\"https:\/\/www.ubi.pt\/curso\/843\" target=\"_blank\">\n\t\t\t\t\t\t<span class=\"elementor-button-content-wrapper\">\n\t\t\t\t\t\t\t\t\t<span class=\"elementor-button-text\">SEE MORE<\/span>\n\t\t\t\t\t<\/span>\n\t\t\t\t\t<\/a>\n\t\t<\/div>\n\t\t\t\t<\/div>\n\t\t\t\t<\/div>\n\t\t\t\t\t<\/div>\n\t\t<\/div>\n\t\t\t\t\t<\/div>\n\t\t<\/section>\n\t\t\t\t<\/div>","protected":false},"excerpt":{"rendered":"<p>DOUTORAMENTO Ci\u00eancias da Comunica\u00e7\u00e3o Departamento Comunica\u00e7\u00e3o, Filosofia e Pol\u00edticaO doutoramento em Ci\u00eancias da Comunica\u00e7\u00e3o visa garantir a qualifica\u00e7\u00e3o de agentes culturais, empresariais e profissionais na&hellip;<\/p>","protected":false},"author":2,"featured_media":0,"parent":0,"menu_order":0,"comment_status":"closed","ping_status":"closed","template":"","meta":{"_acf_changed":false,"footnotes":""},"class_list":["post-54","page","type-page","status-publish","hentry"],"acf":[],"yoast_head":"<!-- This site is optimized with the Yoast SEO plugin v23.1 - https:\/\/yoast.com\/wordpress\/plugins\/seo\/ -->\n<title>Doutoramento - LabCom - Laborat\u00f3rio de Comunica\u00e7\u00e3o<\/title>\n<meta name=\"robots\" content=\"index, follow, max-snippet:-1, max-image-preview:large, max-video-preview:-1\" \/>\n<link rel=\"canonical\" href=\"https:\/\/labcom.ubi.pt\/en\/doutoramento\/\" \/>\n<meta property=\"og:locale\" content=\"en_US\" \/>\n<meta property=\"og:type\" content=\"article\" \/>\n<meta property=\"og:title\" content=\"Doutoramento - LabCom - Laborat\u00f3rio de Comunica\u00e7\u00e3o\" \/>\n<meta property=\"og:description\" content=\"DOUTORAMENTO Ci\u00eancias da Comunica\u00e7\u00e3o Departamento Comunica\u00e7\u00e3o, Filosofia e Pol\u00edticaO doutoramento em Ci\u00eancias da Comunica\u00e7\u00e3o visa garantir a qualifica\u00e7\u00e3o de agentes culturais, empresariais e profissionais na&hellip;\" \/>\n<meta property=\"og:url\" content=\"https:\/\/labcom.ubi.pt\/en\/doutoramento\/\" \/>\n<meta property=\"og:site_name\" content=\"LabCom - Laborat\u00f3rio de Comunica\u00e7\u00e3o\" \/>\n<meta property=\"article:publisher\" content=\"https:\/\/www.facebook.com\/labcom.ubi.pt\/\" \/>\n<meta property=\"article:modified_time\" content=\"2025-12-18T11:20:36+00:00\" \/>\n<meta name=\"twitter:card\" content=\"summary_large_image\" \/>\n<meta name=\"twitter:label1\" content=\"Est. reading time\" \/>\n\t<meta name=\"twitter:data1\" content=\"2 minutes\" \/>\n<script type=\"application\/ld+json\" class=\"yoast-schema-graph\">{\"@context\":\"https:\/\/schema.org\",\"@graph\":[{\"@type\":\"WebPage\",\"@id\":\"https:\/\/labcom.ubi.pt\/doutoramento\/\",\"url\":\"https:\/\/labcom.ubi.pt\/doutoramento\/\",\"name\":\"Doutoramento - LabCom - Laborat\u00f3rio de Comunica\u00e7\u00e3o\",\"isPartOf\":{\"@id\":\"https:\/\/labcom.ubi.pt\/#website\"},\"datePublished\":\"2021-05-28T09:56:29+00:00\",\"dateModified\":\"2025-12-18T11:20:36+00:00\",\"breadcrumb\":{\"@id\":\"https:\/\/labcom.ubi.pt\/doutoramento\/#breadcrumb\"},\"inLanguage\":\"en-US\",\"potentialAction\":[{\"@type\":\"ReadAction\",\"target\":[\"https:\/\/labcom.ubi.pt\/doutoramento\/\"]}]},{\"@type\":\"BreadcrumbList\",\"@id\":\"https:\/\/labcom.ubi.pt\/doutoramento\/#breadcrumb\",\"itemListElement\":[{\"@type\":\"ListItem\",\"position\":1,\"name\":\"In\u00edcio\",\"item\":\"https:\/\/labcom.ubi.pt\/\"},{\"@type\":\"ListItem\",\"position\":2,\"name\":\"Doutoramento\"}]},{\"@type\":\"WebSite\",\"@id\":\"https:\/\/labcom.ubi.pt\/#website\",\"url\":\"https:\/\/labcom.ubi.pt\/\",\"name\":\"LabCom - Laborat\u00f3rio de Comunica\u00e7\u00e3o\",\"description\":\"Unidade de Investiga\u00e7\u00e3o Cient\u00edfica da Faculdade de Artes e Letras da Universidade da Beira Interior\",\"publisher\":{\"@id\":\"https:\/\/labcom.ubi.pt\/#organization\"},\"potentialAction\":[{\"@type\":\"SearchAction\",\"target\":{\"@type\":\"EntryPoint\",\"urlTemplate\":\"https:\/\/labcom.ubi.pt\/?s={search_term_string}\"},\"query-input\":\"required name=search_term_string\"}],\"inLanguage\":\"en-US\"},{\"@type\":\"Organization\",\"@id\":\"https:\/\/labcom.ubi.pt\/#organization\",\"name\":\"LabCom - Comunica\u00e7\u00e3o e Artes\",\"url\":\"https:\/\/labcom.ubi.pt\/\",\"logo\":{\"@type\":\"ImageObject\",\"inLanguage\":\"en-US\",\"@id\":\"https:\/\/labcom.ubi.pt\/#\/schema\/logo\/image\/\",\"url\":\"https:\/\/labcom.ubi.pt\/wp-content\/uploads\/2021\/05\/LabCom_logo-1.png\",\"contentUrl\":\"https:\/\/labcom.ubi.pt\/wp-content\/uploads\/2021\/05\/LabCom_logo-1.png\",\"width\":1920,\"height\":573,\"caption\":\"LabCom - Comunica\u00e7\u00e3o e Artes\"},\"image\":{\"@id\":\"https:\/\/labcom.ubi.pt\/#\/schema\/logo\/image\/\"},\"sameAs\":[\"https:\/\/www.facebook.com\/labcom.ubi.pt\/\",\"https:\/\/www.instagram.com\/labcom_ubi\/\"]}]}<\/script>\n<!-- \/ Yoast SEO plugin. -->","yoast_head_json":{"title":"Doutoramento - LabCom - Laborat\u00f3rio de Comunica\u00e7\u00e3o","robots":{"index":"index","follow":"follow","max-snippet":"max-snippet:-1","max-image-preview":"max-image-preview:large","max-video-preview":"max-video-preview:-1"},"canonical":"https:\/\/labcom.ubi.pt\/en\/doutoramento\/","og_locale":"en_US","og_type":"article","og_title":"Doutoramento - LabCom - Laborat\u00f3rio de Comunica\u00e7\u00e3o","og_description":"DOUTORAMENTO Ci\u00eancias da Comunica\u00e7\u00e3o Departamento Comunica\u00e7\u00e3o, Filosofia e Pol\u00edticaO doutoramento em Ci\u00eancias da Comunica\u00e7\u00e3o visa garantir a qualifica\u00e7\u00e3o de agentes culturais, empresariais e profissionais na&hellip;","og_url":"https:\/\/labcom.ubi.pt\/en\/doutoramento\/","og_site_name":"LabCom - Laborat\u00f3rio de Comunica\u00e7\u00e3o","article_publisher":"https:\/\/www.facebook.com\/labcom.ubi.pt\/","article_modified_time":"2025-12-18T11:20:36+00:00","twitter_card":"summary_large_image","twitter_misc":{"Est. reading time":"2 minutes"},"schema":{"@context":"https:\/\/schema.org","@graph":[{"@type":"WebPage","@id":"https:\/\/labcom.ubi.pt\/doutoramento\/","url":"https:\/\/labcom.ubi.pt\/doutoramento\/","name":"Doutoramento - LabCom - Laborat\u00f3rio de Comunica\u00e7\u00e3o","isPartOf":{"@id":"https:\/\/labcom.ubi.pt\/#website"},"datePublished":"2021-05-28T09:56:29+00:00","dateModified":"2025-12-18T11:20:36+00:00","breadcrumb":{"@id":"https:\/\/labcom.ubi.pt\/doutoramento\/#breadcrumb"},"inLanguage":"en-US","potentialAction":[{"@type":"ReadAction","target":["https:\/\/labcom.ubi.pt\/doutoramento\/"]}]},{"@type":"BreadcrumbList","@id":"https:\/\/labcom.ubi.pt\/doutoramento\/#breadcrumb","itemListElement":[{"@type":"ListItem","position":1,"name":"In\u00edcio","item":"https:\/\/labcom.ubi.pt\/"},{"@type":"ListItem","position":2,"name":"Doutoramento"}]},{"@type":"WebSite","@id":"https:\/\/labcom.ubi.pt\/#website","url":"https:\/\/labcom.ubi.pt\/","name":"LabCom - Laborat\u00f3rio de Comunica\u00e7\u00e3o","description":"Unidade de Investiga\u00e7\u00e3o Cient\u00edfica da Faculdade de Artes e Letras da Universidade da Beira Interior","publisher":{"@id":"https:\/\/labcom.ubi.pt\/#organization"},"potentialAction":[{"@type":"SearchAction","target":{"@type":"EntryPoint","urlTemplate":"https:\/\/labcom.ubi.pt\/?s={search_term_string}"},"query-input":"required name=search_term_string"}],"inLanguage":"en-US"},{"@type":"Organization","@id":"https:\/\/labcom.ubi.pt\/#organization","name":"LabCom - Comunica\u00e7\u00e3o e Artes","url":"https:\/\/labcom.ubi.pt\/","logo":{"@type":"ImageObject","inLanguage":"en-US","@id":"https:\/\/labcom.ubi.pt\/#\/schema\/logo\/image\/","url":"https:\/\/labcom.ubi.pt\/wp-content\/uploads\/2021\/05\/LabCom_logo-1.png","contentUrl":"https:\/\/labcom.ubi.pt\/wp-content\/uploads\/2021\/05\/LabCom_logo-1.png","width":1920,"height":573,"caption":"LabCom - Comunica\u00e7\u00e3o e Artes"},"image":{"@id":"https:\/\/labcom.ubi.pt\/#\/schema\/logo\/image\/"},"sameAs":["https:\/\/www.facebook.com\/labcom.ubi.pt\/","https:\/\/www.instagram.com\/labcom_ubi\/"]}]}},"_links":{"self":[{"href":"https:\/\/labcom.ubi.pt\/en\/wp-json\/wp\/v2\/pages\/54","targetHints":{"allow":["GET"]}}],"collection":[{"href":"https:\/\/labcom.ubi.pt\/en\/wp-json\/wp\/v2\/pages"}],"about":[{"href":"https:\/\/labcom.ubi.pt\/en\/wp-json\/wp\/v2\/types\/page"}],"author":[{"embeddable":true,"href":"https:\/\/labcom.ubi.pt\/en\/wp-json\/wp\/v2\/users\/2"}],"replies":[{"embeddable":true,"href":"https:\/\/labcom.ubi.pt\/en\/wp-json\/wp\/v2\/comments?post=54"}],"version-history":[{"count":2,"href":"https:\/\/labcom.ubi.pt\/en\/wp-json\/wp\/v2\/pages\/54\/revisions"}],"predecessor-version":[{"id":37262,"href":"https:\/\/labcom.ubi.pt\/en\/wp-json\/wp\/v2\/pages\/54\/revisions\/37262"}],"wp:attachment":[{"href":"https:\/\/labcom.ubi.pt\/en\/wp-json\/wp\/v2\/media?parent=54"}],"curies":[{"name":"wp","href":"https:\/\/api.w.org\/{rel}","templated":true}]}}