{"id":34,"date":"2021-05-28T09:54:09","date_gmt":"2021-05-28T09:54:09","guid":{"rendered":"https:\/\/labcom.ubi.pt\/?page_id=34"},"modified":"2026-02-23T10:29:06","modified_gmt":"2026-02-23T10:29:06","slug":"investigacao","status":"publish","type":"page","link":"https:\/\/labcom.ubi.pt\/en\/investigacao\/","title":{"rendered":"Research"},"content":{"rendered":"<div data-elementor-type=\"wp-page\" data-elementor-id=\"34\" class=\"elementor elementor-34\" data-elementor-post-type=\"page\">\n\t\t\t\t\t\t<div class=\"elementor-section elementor-top-section elementor-element elementor-element-de08f00 elementor-section-stretched media-title elementor-section-content-middle elementor-section-full_width elementor-section-height-default elementor-section-height-default wpr-particle-no wpr-jarallax-no wpr-parallax-no wpr-sticky-section-no elementor-invisible\" data-id=\"de08f00\" data-element_type=\"section\" data-settings=\"{&quot;stretch_section&quot;:&quot;section-stretched&quot;,&quot;animation&quot;:&quot;fadeIn&quot;}\">\n\t\t\t\t\t\t<div class=\"elementor-container elementor-column-gap-default\">\n\t\t\t\t\t<div class=\"elementor-column elementor-col-50 elementor-top-column elementor-element elementor-element-fcb9c67\" data-id=\"fcb9c67\" data-element_type=\"column\" data-settings=\"{&quot;background_background&quot;:&quot;slideshow&quot;,&quot;background_slideshow_slide_duration&quot;:1,&quot;background_slideshow_transition_duration&quot;:4000,&quot;background_slideshow_ken_burns&quot;:&quot;yes&quot;,&quot;background_slideshow_slide_transition&quot;:&quot;slide_right&quot;,&quot;background_slideshow_gallery&quot;:[],&quot;background_slideshow_loop&quot;:&quot;yes&quot;,&quot;background_slideshow_ken_burns_zoom_direction&quot;:&quot;in&quot;}\">\n\t\t\t<div class=\"elementor-widget-wrap elementor-element-populated\">\n\t\t\t\t\t\t<div class=\"elementor-element elementor-element-1a45de7 elementor-widget-divider--view-line_text elementor-widget-divider--element-align-left elementor-hidden-phone elementor-invisible elementor-widget elementor-widget-divider\" data-id=\"1a45de7\" data-element_type=\"widget\" data-settings=\"{&quot;_animation&quot;:&quot;fadeIn&quot;}\" data-widget_type=\"divider.default\">\n\t\t\t\t<div class=\"elementor-widget-container\">\n\t\t\t\t\t<div class=\"elementor-divider\">\n\t\t\t<span class=\"elementor-divider-separator\">\n\t\t\t\t\t\t\t<h2 class=\"elementor-divider__text elementor-divider__element\">\n\t\t\t\tResearch\t\t\t\t<\/h2>\n\t\t\t\t\t\t<\/span>\n\t\t<\/div>\n\t\t\t\t<\/div>\n\t\t\t\t<\/div>\n\t\t\t\t<div class=\"elementor-element elementor-element-8e26e25 elementor-widget elementor-widget-text-editor\" data-id=\"8e26e25\" data-element_type=\"widget\" data-widget_type=\"text-editor.default\">\n\t\t\t\t<div class=\"elementor-widget-container\">\n\t\t\t\t\t\t\t<div data-olk-copy-source=\"MessageBody\"><p>LabCom is composed of four research groups that combine their specific lines of work with strengthening their interdisciplinary collaboration around common or cross-cutting topics and organizing events and scientific publications.<\/p><\/div>\t\t\t\t\t\t<\/div>\n\t\t\t\t<\/div>\n\t\t\t\t\t<\/div>\n\t\t<\/div>\n\t\t\t\t<div class=\"elementor-column elementor-col-50 elementor-top-column elementor-element elementor-element-38c7e9f\" data-id=\"38c7e9f\" data-element_type=\"column\" data-settings=\"{&quot;background_background&quot;:&quot;slideshow&quot;,&quot;background_slideshow_slide_duration&quot;:1,&quot;background_slideshow_transition_duration&quot;:4000,&quot;background_slideshow_ken_burns&quot;:&quot;yes&quot;,&quot;background_slideshow_slide_transition&quot;:&quot;slide_right&quot;,&quot;background_slideshow_gallery&quot;:[],&quot;background_slideshow_loop&quot;:&quot;yes&quot;,&quot;background_slideshow_ken_burns_zoom_direction&quot;:&quot;in&quot;}\">\n\t\t\t<div class=\"elementor-widget-wrap\">\n\t\t\t\t\t\t\t<\/div>\n\t\t<\/div>\n\t\t\t\t\t<\/div>\n\t\t<\/div>\n\t\t\t\t<section class=\"elementor-section elementor-top-section elementor-element elementor-element-3efcad4b elementor-section-full_width elementor-section-stretched elementor-section-height-default elementor-section-height-default wpr-particle-no wpr-jarallax-no wpr-parallax-no wpr-sticky-section-no\" data-id=\"3efcad4b\" data-element_type=\"section\" data-settings=\"{&quot;stretch_section&quot;:&quot;section-stretched&quot;}\">\n\t\t\t\t\t\t<div class=\"elementor-container elementor-column-gap-no\">\n\t\t\t\t\t<div class=\"elementor-column elementor-col-50 elementor-top-column elementor-element elementor-element-6afa6f2e elementor-invisible\" data-id=\"6afa6f2e\" data-element_type=\"column\" data-settings=\"{&quot;animation&quot;:&quot;fadeIn&quot;,&quot;animation_delay&quot;:200}\">\n\t\t\t<div class=\"elementor-widget-wrap elementor-element-populated\">\n\t\t\t\t\t\t<div class=\"elementor-element elementor-element-e2cdd47 elementor-view-stacked elementor-shape-square elementor-position-left elementor-mobile-position-top elementor-vertical-align-top elementor-widget elementor-widget-icon-box\" data-id=\"e2cdd47\" data-element_type=\"widget\" data-widget_type=\"icon-box.default\">\n\t\t\t\t<div class=\"elementor-widget-container\">\n\t\t\t\t\t<div class=\"elementor-icon-box-wrapper\">\n\n\t\t\t\t\t\t<div class=\"elementor-icon-box-icon\">\n\t\t\t\t<span  class=\"elementor-icon elementor-animation-float\">\n\t\t\t\t\t\t\t\t<\/span>\n\t\t\t<\/div>\n\t\t\t\n\t\t\t\t\t\t<div class=\"elementor-icon-box-content\">\n\n\t\t\t\t\t\t\t\t\t<h3 class=\"elementor-icon-box-title\">\n\t\t\t\t\t\t<span  >\n\t\t\t\t\t\t\tMedia Studies Group\t\t\t\t\t\t<\/span>\n\t\t\t\t\t<\/h3>\n\t\t\t\t\n\t\t\t\t\t\t\t\t\t<p class=\"elementor-icon-box-description\">\n\t\t\t\t\t\t<b>Primary Researcher: Jo\u00e3o Carlos Correia<\/b> <br><br>\nO grupo de Estudos dos Media dedica-se a pesquisar o papel social dos media na constitui\u00e7\u00e3o do espa\u00e7o p\u00fablico privilegiando os conceitos de \"cidadania\" e de \"participa\u00e7\u00e3o\", entendidos de um ponto de vista comunicacional.\u00a0 Nas \u00e1reas de interesses priorit\u00e1rios encontram-se efeitos sociais dos media; opini\u00e3o p\u00fablica; ativismo medi\u00e1tico; movimentos sociais; delibera\u00e7\u00e3o e participa\u00e7\u00e3o; media comunit\u00e1rios e de proximidade e regula\u00e7\u00e3o e economia dos media.<br><br>\t\t\t\t\t<\/p>\n\t\t\t\t\n\t\t\t<\/div>\n\t\t\t\n\t\t<\/div>\n\t\t\t\t<\/div>\n\t\t\t\t<\/div>\n\t\t\t\t\t<\/div>\n\t\t<\/div>\n\t\t\t\t<div class=\"elementor-column elementor-col-50 elementor-top-column elementor-element elementor-element-42184514 elementor-invisible\" data-id=\"42184514\" data-element_type=\"column\" data-settings=\"{&quot;animation&quot;:&quot;fadeIn&quot;,&quot;animation_delay&quot;:400}\">\n\t\t\t<div class=\"elementor-widget-wrap elementor-element-populated\">\n\t\t\t\t\t\t<div class=\"elementor-element elementor-element-77590d53 elementor-view-stacked elementor-shape-square elementor-position-left elementor-mobile-position-top elementor-vertical-align-top elementor-widget elementor-widget-icon-box\" data-id=\"77590d53\" data-element_type=\"widget\" data-widget_type=\"icon-box.default\">\n\t\t\t\t<div class=\"elementor-widget-container\">\n\t\t\t\t\t<div class=\"elementor-icon-box-wrapper\">\n\n\t\t\t\t\t\t<div class=\"elementor-icon-box-icon\">\n\t\t\t\t<span  class=\"elementor-icon elementor-animation-float\">\n\t\t\t\t\t\t\t\t<\/span>\n\t\t\t<\/div>\n\t\t\t\n\t\t\t\t\t\t<div class=\"elementor-icon-box-content\">\n\n\t\t\t\t\t\t\t\t\t<h3 class=\"elementor-icon-box-title\">\n\t\t\t\t\t\t<span  >\n\t\t\t\t\t\t\tJournalism Study Group\t\t\t\t\t\t<\/span>\n\t\t\t\t\t<\/h3>\n\t\t\t\t\n\t\t\t\t\t\t\t\t\t<p class=\"elementor-icon-box-description\">\n\t\t\t\t\t\t<b>Primary Researcher: Jo\u00e3o Canavilhas<\/b><br><br>\nThe Journalism Studies group is dedicated to researching the relationship between journalism and the technologies used to produce, distribute, and consume information. Among its priority areas of interest are new journalistic narratives, artificial intelligence, mobile journalism, and local journalism. The group is also dedicated to studying the processes of disinformation and science communication.<br><br>\n<b><a href=\"https:\/\/labcom.ubi.pt\/membros-grupo-de-estudos-de-jornalismo\/\" class=\"link-membros-grupos\">Group members<\/a><\/b>\t\t\t\t\t<\/p>\n\t\t\t\t\n\t\t\t<\/div>\n\t\t\t\n\t\t<\/div>\n\t\t\t\t<\/div>\n\t\t\t\t<\/div>\n\t\t\t\t\t<\/div>\n\t\t<\/div>\n\t\t\t\t\t<\/div>\n\t\t<\/section>\n\t\t\t\t<section class=\"elementor-section elementor-top-section elementor-element elementor-element-ba00305 elementor-section-full_width elementor-section-stretched elementor-section-height-default elementor-section-height-default wpr-particle-no wpr-jarallax-no wpr-parallax-no wpr-sticky-section-no\" data-id=\"ba00305\" data-element_type=\"section\" id=\"grupos2\" data-settings=\"{&quot;stretch_section&quot;:&quot;section-stretched&quot;}\">\n\t\t\t\t\t\t<div class=\"elementor-container elementor-column-gap-no\">\n\t\t\t\t\t<div class=\"elementor-column elementor-col-50 elementor-top-column elementor-element elementor-element-d09a50c elementor-invisible\" data-id=\"d09a50c\" data-element_type=\"column\" data-settings=\"{&quot;animation&quot;:&quot;fadeIn&quot;,&quot;animation_delay&quot;:200}\">\n\t\t\t<div class=\"elementor-widget-wrap elementor-element-populated\">\n\t\t\t\t\t\t<div class=\"elementor-element elementor-element-6a2745d elementor-view-stacked elementor-shape-square elementor-position-left elementor-mobile-position-top elementor-vertical-align-top elementor-widget elementor-widget-icon-box\" data-id=\"6a2745d\" data-element_type=\"widget\" data-widget_type=\"icon-box.default\">\n\t\t\t\t<div class=\"elementor-widget-container\">\n\t\t\t\t\t<div class=\"elementor-icon-box-wrapper\">\n\n\t\t\t\t\t\t<div class=\"elementor-icon-box-icon\">\n\t\t\t\t<span  class=\"elementor-icon elementor-animation-float\">\n\t\t\t\t\t\t\t\t<\/span>\n\t\t\t<\/div>\n\t\t\t\n\t\t\t\t\t\t<div class=\"elementor-icon-box-content\">\n\n\t\t\t\t\t\t\t\t\t<h3 class=\"elementor-icon-box-title\">\n\t\t\t\t\t\t<span  >\n\t\t\t\t\t\t\tStrategic Communication Group\t\t\t\t\t\t<\/span>\n\t\t\t\t\t<\/h3>\n\t\t\t\t\n\t\t\t\t\t\t\t\t\t<p class=\"elementor-icon-box-description\">\n\t\t\t\t\t\t<b>Primary Researcher: Gisela Gon\u00e7alves<\/b> <br><br>\nThe Strategic Communication group studies the persuasive communication processes of individuals, groups, and organizations in the private, public, or social sectors in pursuit of commercial, social, or political objectives. Crisis and risk communication, health communication, political propaganda and communication, branding and advertising, public and organizational communication, cause communication, and sustainability are its main areas of work.<br><br>\t\t\t\t\t<\/p>\n\t\t\t\t\n\t\t\t<\/div>\n\t\t\t\n\t\t<\/div>\n\t\t\t\t<\/div>\n\t\t\t\t<\/div>\n\t\t\t\t\t<\/div>\n\t\t<\/div>\n\t\t\t\t<div class=\"elementor-column elementor-col-50 elementor-top-column elementor-element elementor-element-0cf1af5 elementor-invisible\" data-id=\"0cf1af5\" data-element_type=\"column\" data-settings=\"{&quot;animation&quot;:&quot;fadeIn&quot;,&quot;animation_delay&quot;:400}\">\n\t\t\t<div class=\"elementor-widget-wrap elementor-element-populated\">\n\t\t\t\t\t\t<div class=\"elementor-element elementor-element-fb3fe22 elementor-view-stacked elementor-shape-square elementor-position-left elementor-mobile-position-top elementor-vertical-align-top elementor-widget elementor-widget-icon-box\" data-id=\"fb3fe22\" data-element_type=\"widget\" data-widget_type=\"icon-box.default\">\n\t\t\t\t<div class=\"elementor-widget-container\">\n\t\t\t\t\t<div class=\"elementor-icon-box-wrapper\">\n\n\t\t\t\t\t\t<div class=\"elementor-icon-box-icon\">\n\t\t\t\t<span  class=\"elementor-icon elementor-animation-float\">\n\t\t\t\t\t\t\t\t<\/span>\n\t\t\t<\/div>\n\t\t\t\n\t\t\t\t\t\t<div class=\"elementor-icon-box-content\">\n\n\t\t\t\t\t\t\t\t\t<h3 class=\"elementor-icon-box-title\">\n\t\t\t\t\t\t<span  >\n\t\t\t\t\t\t\tCulture, Identity, and Memory Group\t\t\t\t\t\t<\/span>\n\t\t\t\t\t<\/h3>\n\t\t\t\t\n\t\t\t\t\t\t\t\t\t<p class=\"elementor-icon-box-description\">\n\t\t\t\t\t\t<b>Primary Researcher: Jos\u00e9 Ricardo Carvalheiro<\/b><br><br>\nThe Culture, Identity, and Memory group is dedicated to investigating the links between communication processes and the dynamics of cultural construction and production, considering in this approach both the anthropological meaning (national or local cultures, specific groups, subcultures, and countercultures) and the literary and artistic fields, with particular attention to the role of the media in (re)defining identities, and including perspectives on historical duration and issues related to memory.\t\t\t\t\t<\/p>\n\t\t\t\t\n\t\t\t<\/div>\n\t\t\t\n\t\t<\/div>\n\t\t\t\t<\/div>\n\t\t\t\t<\/div>\n\t\t\t\t\t<\/div>\n\t\t<\/div>\n\t\t\t\t\t<\/div>\n\t\t<\/section>\n\t\t\t\t<\/div>","protected":false},"excerpt":{"rendered":"<p>INVESTIGA\u00c7\u00c3O O LabCom \u00e9 composto por quatro grupos de investiga\u00e7\u00e3o que conciliam o trabalho das suas linhas espec\u00edficas com o fortalecimento da sua colabora\u00e7\u00e3o interdisciplinar&hellip;<\/p>","protected":false},"author":2,"featured_media":0,"parent":0,"menu_order":0,"comment_status":"closed","ping_status":"closed","template":"","meta":{"_acf_changed":false,"footnotes":""},"class_list":["post-34","page","type-page","status-publish","hentry"],"acf":[],"yoast_head":"<!-- This site is optimized with the Yoast SEO plugin v23.1 - https:\/\/yoast.com\/wordpress\/plugins\/seo\/ -->\n<title>Investiga\u00e7\u00e3o - LabCom - Laborat\u00f3rio de Comunica\u00e7\u00e3o<\/title>\n<meta name=\"robots\" content=\"index, follow, max-snippet:-1, max-image-preview:large, max-video-preview:-1\" \/>\n<link rel=\"canonical\" href=\"https:\/\/labcom.ubi.pt\/en\/investigacao\/\" \/>\n<meta property=\"og:locale\" content=\"en_US\" \/>\n<meta property=\"og:type\" content=\"article\" \/>\n<meta property=\"og:title\" content=\"Investiga\u00e7\u00e3o - LabCom - Laborat\u00f3rio de Comunica\u00e7\u00e3o\" \/>\n<meta property=\"og:description\" content=\"INVESTIGA\u00c7\u00c3O O LabCom \u00e9 composto por quatro grupos de investiga\u00e7\u00e3o que conciliam o trabalho das suas linhas espec\u00edficas com o fortalecimento da sua colabora\u00e7\u00e3o interdisciplinar&hellip;\" \/>\n<meta property=\"og:url\" content=\"https:\/\/labcom.ubi.pt\/en\/investigacao\/\" \/>\n<meta property=\"og:site_name\" content=\"LabCom - Laborat\u00f3rio de Comunica\u00e7\u00e3o\" \/>\n<meta property=\"article:publisher\" content=\"https:\/\/www.facebook.com\/labcom.ubi.pt\/\" \/>\n<meta property=\"article:modified_time\" content=\"2026-02-23T10:29:06+00:00\" \/>\n<meta name=\"twitter:card\" content=\"summary_large_image\" \/>\n<meta name=\"twitter:label1\" content=\"Est. reading time\" \/>\n\t<meta name=\"twitter:data1\" content=\"1 minute\" \/>\n<script type=\"application\/ld+json\" class=\"yoast-schema-graph\">{\"@context\":\"https:\/\/schema.org\",\"@graph\":[{\"@type\":\"WebPage\",\"@id\":\"https:\/\/labcom.ubi.pt\/investigacao\/\",\"url\":\"https:\/\/labcom.ubi.pt\/investigacao\/\",\"name\":\"Investiga\u00e7\u00e3o - LabCom - Laborat\u00f3rio de Comunica\u00e7\u00e3o\",\"isPartOf\":{\"@id\":\"https:\/\/labcom.ubi.pt\/#website\"},\"datePublished\":\"2021-05-28T09:54:09+00:00\",\"dateModified\":\"2026-02-23T10:29:06+00:00\",\"breadcrumb\":{\"@id\":\"https:\/\/labcom.ubi.pt\/investigacao\/#breadcrumb\"},\"inLanguage\":\"en-US\",\"potentialAction\":[{\"@type\":\"ReadAction\",\"target\":[\"https:\/\/labcom.ubi.pt\/investigacao\/\"]}]},{\"@type\":\"BreadcrumbList\",\"@id\":\"https:\/\/labcom.ubi.pt\/investigacao\/#breadcrumb\",\"itemListElement\":[{\"@type\":\"ListItem\",\"position\":1,\"name\":\"In\u00edcio\",\"item\":\"https:\/\/labcom.ubi.pt\/\"},{\"@type\":\"ListItem\",\"position\":2,\"name\":\"Investiga\u00e7\u00e3o\"}]},{\"@type\":\"WebSite\",\"@id\":\"https:\/\/labcom.ubi.pt\/#website\",\"url\":\"https:\/\/labcom.ubi.pt\/\",\"name\":\"LabCom - Laborat\u00f3rio de Comunica\u00e7\u00e3o\",\"description\":\"Unidade de Investiga\u00e7\u00e3o Cient\u00edfica da Faculdade de Artes e Letras da Universidade da Beira Interior\",\"publisher\":{\"@id\":\"https:\/\/labcom.ubi.pt\/#organization\"},\"potentialAction\":[{\"@type\":\"SearchAction\",\"target\":{\"@type\":\"EntryPoint\",\"urlTemplate\":\"https:\/\/labcom.ubi.pt\/?s={search_term_string}\"},\"query-input\":\"required name=search_term_string\"}],\"inLanguage\":\"en-US\"},{\"@type\":\"Organization\",\"@id\":\"https:\/\/labcom.ubi.pt\/#organization\",\"name\":\"LabCom - Comunica\u00e7\u00e3o e Artes\",\"url\":\"https:\/\/labcom.ubi.pt\/\",\"logo\":{\"@type\":\"ImageObject\",\"inLanguage\":\"en-US\",\"@id\":\"https:\/\/labcom.ubi.pt\/#\/schema\/logo\/image\/\",\"url\":\"https:\/\/labcom.ubi.pt\/wp-content\/uploads\/2021\/05\/LabCom_logo-1.png\",\"contentUrl\":\"https:\/\/labcom.ubi.pt\/wp-content\/uploads\/2021\/05\/LabCom_logo-1.png\",\"width\":1920,\"height\":573,\"caption\":\"LabCom - Comunica\u00e7\u00e3o e Artes\"},\"image\":{\"@id\":\"https:\/\/labcom.ubi.pt\/#\/schema\/logo\/image\/\"},\"sameAs\":[\"https:\/\/www.facebook.com\/labcom.ubi.pt\/\",\"https:\/\/www.instagram.com\/labcom_ubi\/\"]}]}<\/script>\n<!-- \/ Yoast SEO plugin. -->","yoast_head_json":{"title":"Investiga\u00e7\u00e3o - LabCom - Laborat\u00f3rio de Comunica\u00e7\u00e3o","robots":{"index":"index","follow":"follow","max-snippet":"max-snippet:-1","max-image-preview":"max-image-preview:large","max-video-preview":"max-video-preview:-1"},"canonical":"https:\/\/labcom.ubi.pt\/en\/investigacao\/","og_locale":"en_US","og_type":"article","og_title":"Investiga\u00e7\u00e3o - LabCom - Laborat\u00f3rio de Comunica\u00e7\u00e3o","og_description":"INVESTIGA\u00c7\u00c3O O LabCom \u00e9 composto por quatro grupos de investiga\u00e7\u00e3o que conciliam o trabalho das suas linhas espec\u00edficas com o fortalecimento da sua colabora\u00e7\u00e3o interdisciplinar&hellip;","og_url":"https:\/\/labcom.ubi.pt\/en\/investigacao\/","og_site_name":"LabCom - Laborat\u00f3rio de Comunica\u00e7\u00e3o","article_publisher":"https:\/\/www.facebook.com\/labcom.ubi.pt\/","article_modified_time":"2026-02-23T10:29:06+00:00","twitter_card":"summary_large_image","twitter_misc":{"Est. reading time":"1 minute"},"schema":{"@context":"https:\/\/schema.org","@graph":[{"@type":"WebPage","@id":"https:\/\/labcom.ubi.pt\/investigacao\/","url":"https:\/\/labcom.ubi.pt\/investigacao\/","name":"Investiga\u00e7\u00e3o - LabCom - Laborat\u00f3rio de Comunica\u00e7\u00e3o","isPartOf":{"@id":"https:\/\/labcom.ubi.pt\/#website"},"datePublished":"2021-05-28T09:54:09+00:00","dateModified":"2026-02-23T10:29:06+00:00","breadcrumb":{"@id":"https:\/\/labcom.ubi.pt\/investigacao\/#breadcrumb"},"inLanguage":"en-US","potentialAction":[{"@type":"ReadAction","target":["https:\/\/labcom.ubi.pt\/investigacao\/"]}]},{"@type":"BreadcrumbList","@id":"https:\/\/labcom.ubi.pt\/investigacao\/#breadcrumb","itemListElement":[{"@type":"ListItem","position":1,"name":"In\u00edcio","item":"https:\/\/labcom.ubi.pt\/"},{"@type":"ListItem","position":2,"name":"Investiga\u00e7\u00e3o"}]},{"@type":"WebSite","@id":"https:\/\/labcom.ubi.pt\/#website","url":"https:\/\/labcom.ubi.pt\/","name":"LabCom - Laborat\u00f3rio de Comunica\u00e7\u00e3o","description":"Unidade de Investiga\u00e7\u00e3o Cient\u00edfica da Faculdade de Artes e Letras da Universidade da Beira Interior","publisher":{"@id":"https:\/\/labcom.ubi.pt\/#organization"},"potentialAction":[{"@type":"SearchAction","target":{"@type":"EntryPoint","urlTemplate":"https:\/\/labcom.ubi.pt\/?s={search_term_string}"},"query-input":"required name=search_term_string"}],"inLanguage":"en-US"},{"@type":"Organization","@id":"https:\/\/labcom.ubi.pt\/#organization","name":"LabCom - Comunica\u00e7\u00e3o e Artes","url":"https:\/\/labcom.ubi.pt\/","logo":{"@type":"ImageObject","inLanguage":"en-US","@id":"https:\/\/labcom.ubi.pt\/#\/schema\/logo\/image\/","url":"https:\/\/labcom.ubi.pt\/wp-content\/uploads\/2021\/05\/LabCom_logo-1.png","contentUrl":"https:\/\/labcom.ubi.pt\/wp-content\/uploads\/2021\/05\/LabCom_logo-1.png","width":1920,"height":573,"caption":"LabCom - Comunica\u00e7\u00e3o e Artes"},"image":{"@id":"https:\/\/labcom.ubi.pt\/#\/schema\/logo\/image\/"},"sameAs":["https:\/\/www.facebook.com\/labcom.ubi.pt\/","https:\/\/www.instagram.com\/labcom_ubi\/"]}]}},"_links":{"self":[{"href":"https:\/\/labcom.ubi.pt\/en\/wp-json\/wp\/v2\/pages\/34","targetHints":{"allow":["GET"]}}],"collection":[{"href":"https:\/\/labcom.ubi.pt\/en\/wp-json\/wp\/v2\/pages"}],"about":[{"href":"https:\/\/labcom.ubi.pt\/en\/wp-json\/wp\/v2\/types\/page"}],"author":[{"embeddable":true,"href":"https:\/\/labcom.ubi.pt\/en\/wp-json\/wp\/v2\/users\/2"}],"replies":[{"embeddable":true,"href":"https:\/\/labcom.ubi.pt\/en\/wp-json\/wp\/v2\/comments?post=34"}],"version-history":[{"count":2,"href":"https:\/\/labcom.ubi.pt\/en\/wp-json\/wp\/v2\/pages\/34\/revisions"}],"predecessor-version":[{"id":37603,"href":"https:\/\/labcom.ubi.pt\/en\/wp-json\/wp\/v2\/pages\/34\/revisions\/37603"}],"wp:attachment":[{"href":"https:\/\/labcom.ubi.pt\/en\/wp-json\/wp\/v2\/media?parent=34"}],"curies":[{"name":"wp","href":"https:\/\/api.w.org\/{rel}","templated":true}]}}