{"id":33715,"date":"2023-04-14T12:00:36","date_gmt":"2023-04-14T12:00:36","guid":{"rendered":"https:\/\/labcom.ubi.pt\/?page_id=33715"},"modified":"2023-04-14T12:11:11","modified_gmt":"2023-04-14T12:11:11","slug":"the-normative-imperative-sociopolitical-challenges-of-strategic-and-organizational-communication","status":"publish","type":"page","link":"https:\/\/labcom.ubi.pt\/en\/the-normative-imperative-sociopolitical-challenges-of-strategic-and-organizational-communication\/","title":{"rendered":"THE NORMATIVE IMPERATIVE: SOCIOPOLITICAL CHALLENGES OF STRATEGIC AND ORGANIZATIONAL COMMUNICATION"},"content":{"rendered":"","protected":false},"excerpt":{"rendered":"","protected":false},"author":2,"featured_media":0,"parent":0,"menu_order":0,"comment_status":"closed","ping_status":"closed","template":"","meta":{"_acf_changed":false,"footnotes":""},"class_list":["post-33715","page","type-page","status-publish","hentry"],"acf":[],"yoast_head":"<!-- This site is optimized with the Yoast SEO plugin v23.1 - https:\/\/yoast.com\/wordpress\/plugins\/seo\/ -->\n<title>THE NORMATIVE IMPERATIVE: SOCIOPOLITICAL CHALLENGES OF STRATEGIC AND ORGANIZATIONAL COMMUNICATION - LabCom - Laborat\u00f3rio de Comunica\u00e7\u00e3o<\/title>\n<meta name=\"robots\" content=\"index, follow, max-snippet:-1, max-image-preview:large, max-video-preview:-1\" \/>\n<link rel=\"canonical\" href=\"https:\/\/labcom.ubi.pt\/en\/the-normative-imperative-sociopolitical-challenges-of-strategic-and-organizational-communication\/\" \/>\n<meta property=\"og:locale\" content=\"en_US\" \/>\n<meta property=\"og:type\" content=\"article\" \/>\n<meta property=\"og:title\" content=\"THE NORMATIVE IMPERATIVE: SOCIOPOLITICAL CHALLENGES OF STRATEGIC AND ORGANIZATIONAL COMMUNICATION - LabCom - Laborat\u00f3rio de Comunica\u00e7\u00e3o\" \/>\n<meta property=\"og:url\" content=\"https:\/\/labcom.ubi.pt\/en\/the-normative-imperative-sociopolitical-challenges-of-strategic-and-organizational-communication\/\" \/>\n<meta property=\"og:site_name\" content=\"LabCom - Laborat\u00f3rio de Comunica\u00e7\u00e3o\" \/>\n<meta property=\"article:publisher\" content=\"https:\/\/www.facebook.com\/labcom.ubi.pt\/\" \/>\n<meta property=\"article:modified_time\" content=\"2023-04-14T12:11:11+00:00\" \/>\n<meta name=\"twitter:card\" content=\"summary_large_image\" \/>\n<script type=\"application\/ld+json\" class=\"yoast-schema-graph\">{\"@context\":\"https:\/\/schema.org\",\"@graph\":[{\"@type\":\"WebPage\",\"@id\":\"https:\/\/labcom.ubi.pt\/the-normative-imperative-sociopolitical-challenges-of-strategic-and-organizational-communication\/\",\"url\":\"https:\/\/labcom.ubi.pt\/the-normative-imperative-sociopolitical-challenges-of-strategic-and-organizational-communication\/\",\"name\":\"THE NORMATIVE IMPERATIVE: SOCIOPOLITICAL CHALLENGES OF STRATEGIC AND ORGANIZATIONAL COMMUNICATION - LabCom - Laborat\u00f3rio de Comunica\u00e7\u00e3o\",\"isPartOf\":{\"@id\":\"https:\/\/labcom.ubi.pt\/#website\"},\"datePublished\":\"2023-04-14T12:00:36+00:00\",\"dateModified\":\"2023-04-14T12:11:11+00:00\",\"breadcrumb\":{\"@id\":\"https:\/\/labcom.ubi.pt\/the-normative-imperative-sociopolitical-challenges-of-strategic-and-organizational-communication\/#breadcrumb\"},\"inLanguage\":\"en-US\",\"potentialAction\":[{\"@type\":\"ReadAction\",\"target\":[\"https:\/\/labcom.ubi.pt\/the-normative-imperative-sociopolitical-challenges-of-strategic-and-organizational-communication\/\"]}]},{\"@type\":\"BreadcrumbList\",\"@id\":\"https:\/\/labcom.ubi.pt\/the-normative-imperative-sociopolitical-challenges-of-strategic-and-organizational-communication\/#breadcrumb\",\"itemListElement\":[{\"@type\":\"ListItem\",\"position\":1,\"name\":\"In\u00edcio\",\"item\":\"https:\/\/labcom.ubi.pt\/\"},{\"@type\":\"ListItem\",\"position\":2,\"name\":\"THE NORMATIVE IMPERATIVE: SOCIOPOLITICAL CHALLENGES OF STRATEGIC AND ORGANIZATIONAL COMMUNICATION\"}]},{\"@type\":\"WebSite\",\"@id\":\"https:\/\/labcom.ubi.pt\/#website\",\"url\":\"https:\/\/labcom.ubi.pt\/\",\"name\":\"LabCom - Laborat\u00f3rio de Comunica\u00e7\u00e3o\",\"description\":\"Unidade de Investiga\u00e7\u00e3o Cient\u00edfica da Faculdade de Artes e Letras da Universidade da Beira Interior\",\"publisher\":{\"@id\":\"https:\/\/labcom.ubi.pt\/#organization\"},\"potentialAction\":[{\"@type\":\"SearchAction\",\"target\":{\"@type\":\"EntryPoint\",\"urlTemplate\":\"https:\/\/labcom.ubi.pt\/?s={search_term_string}\"},\"query-input\":\"required name=search_term_string\"}],\"inLanguage\":\"en-US\"},{\"@type\":\"Organization\",\"@id\":\"https:\/\/labcom.ubi.pt\/#organization\",\"name\":\"LabCom - Comunica\u00e7\u00e3o e Artes\",\"url\":\"https:\/\/labcom.ubi.pt\/\",\"logo\":{\"@type\":\"ImageObject\",\"inLanguage\":\"en-US\",\"@id\":\"https:\/\/labcom.ubi.pt\/#\/schema\/logo\/image\/\",\"url\":\"https:\/\/labcom.ubi.pt\/wp-content\/uploads\/2021\/05\/LabCom_logo-1.png\",\"contentUrl\":\"https:\/\/labcom.ubi.pt\/wp-content\/uploads\/2021\/05\/LabCom_logo-1.png\",\"width\":1920,\"height\":573,\"caption\":\"LabCom - Comunica\u00e7\u00e3o e Artes\"},\"image\":{\"@id\":\"https:\/\/labcom.ubi.pt\/#\/schema\/logo\/image\/\"},\"sameAs\":[\"https:\/\/www.facebook.com\/labcom.ubi.pt\/\",\"https:\/\/www.instagram.com\/labcom_ubi\/\"]}]}<\/script>\n<!-- \/ Yoast SEO plugin. -->","yoast_head_json":{"title":"THE NORMATIVE IMPERATIVE: SOCIOPOLITICAL CHALLENGES OF STRATEGIC AND ORGANIZATIONAL COMMUNICATION - LabCom - Laborat\u00f3rio de Comunica\u00e7\u00e3o","robots":{"index":"index","follow":"follow","max-snippet":"max-snippet:-1","max-image-preview":"max-image-preview:large","max-video-preview":"max-video-preview:-1"},"canonical":"https:\/\/labcom.ubi.pt\/en\/the-normative-imperative-sociopolitical-challenges-of-strategic-and-organizational-communication\/","og_locale":"en_US","og_type":"article","og_title":"THE NORMATIVE IMPERATIVE: SOCIOPOLITICAL CHALLENGES OF STRATEGIC AND ORGANIZATIONAL COMMUNICATION - LabCom - Laborat\u00f3rio de Comunica\u00e7\u00e3o","og_url":"https:\/\/labcom.ubi.pt\/en\/the-normative-imperative-sociopolitical-challenges-of-strategic-and-organizational-communication\/","og_site_name":"LabCom - Laborat\u00f3rio de Comunica\u00e7\u00e3o","article_publisher":"https:\/\/www.facebook.com\/labcom.ubi.pt\/","article_modified_time":"2023-04-14T12:11:11+00:00","twitter_card":"summary_large_image","schema":{"@context":"https:\/\/schema.org","@graph":[{"@type":"WebPage","@id":"https:\/\/labcom.ubi.pt\/the-normative-imperative-sociopolitical-challenges-of-strategic-and-organizational-communication\/","url":"https:\/\/labcom.ubi.pt\/the-normative-imperative-sociopolitical-challenges-of-strategic-and-organizational-communication\/","name":"THE NORMATIVE IMPERATIVE: SOCIOPOLITICAL CHALLENGES OF STRATEGIC AND ORGANIZATIONAL COMMUNICATION - LabCom - Laborat\u00f3rio de Comunica\u00e7\u00e3o","isPartOf":{"@id":"https:\/\/labcom.ubi.pt\/#website"},"datePublished":"2023-04-14T12:00:36+00:00","dateModified":"2023-04-14T12:11:11+00:00","breadcrumb":{"@id":"https:\/\/labcom.ubi.pt\/the-normative-imperative-sociopolitical-challenges-of-strategic-and-organizational-communication\/#breadcrumb"},"inLanguage":"en-US","potentialAction":[{"@type":"ReadAction","target":["https:\/\/labcom.ubi.pt\/the-normative-imperative-sociopolitical-challenges-of-strategic-and-organizational-communication\/"]}]},{"@type":"BreadcrumbList","@id":"https:\/\/labcom.ubi.pt\/the-normative-imperative-sociopolitical-challenges-of-strategic-and-organizational-communication\/#breadcrumb","itemListElement":[{"@type":"ListItem","position":1,"name":"In\u00edcio","item":"https:\/\/labcom.ubi.pt\/"},{"@type":"ListItem","position":2,"name":"THE NORMATIVE IMPERATIVE: SOCIOPOLITICAL CHALLENGES OF STRATEGIC AND ORGANIZATIONAL COMMUNICATION"}]},{"@type":"WebSite","@id":"https:\/\/labcom.ubi.pt\/#website","url":"https:\/\/labcom.ubi.pt\/","name":"LabCom - Laborat\u00f3rio de Comunica\u00e7\u00e3o","description":"Unidade de Investiga\u00e7\u00e3o Cient\u00edfica da Faculdade de Artes e Letras da Universidade da Beira Interior","publisher":{"@id":"https:\/\/labcom.ubi.pt\/#organization"},"potentialAction":[{"@type":"SearchAction","target":{"@type":"EntryPoint","urlTemplate":"https:\/\/labcom.ubi.pt\/?s={search_term_string}"},"query-input":"required name=search_term_string"}],"inLanguage":"en-US"},{"@type":"Organization","@id":"https:\/\/labcom.ubi.pt\/#organization","name":"LabCom - Comunica\u00e7\u00e3o e Artes","url":"https:\/\/labcom.ubi.pt\/","logo":{"@type":"ImageObject","inLanguage":"en-US","@id":"https:\/\/labcom.ubi.pt\/#\/schema\/logo\/image\/","url":"https:\/\/labcom.ubi.pt\/wp-content\/uploads\/2021\/05\/LabCom_logo-1.png","contentUrl":"https:\/\/labcom.ubi.pt\/wp-content\/uploads\/2021\/05\/LabCom_logo-1.png","width":1920,"height":573,"caption":"LabCom - Comunica\u00e7\u00e3o e Artes"},"image":{"@id":"https:\/\/labcom.ubi.pt\/#\/schema\/logo\/image\/"},"sameAs":["https:\/\/www.facebook.com\/labcom.ubi.pt\/","https:\/\/www.instagram.com\/labcom_ubi\/"]}]}},"_links":{"self":[{"href":"https:\/\/labcom.ubi.pt\/en\/wp-json\/wp\/v2\/pages\/33715","targetHints":{"allow":["GET"]}}],"collection":[{"href":"https:\/\/labcom.ubi.pt\/en\/wp-json\/wp\/v2\/pages"}],"about":[{"href":"https:\/\/labcom.ubi.pt\/en\/wp-json\/wp\/v2\/types\/page"}],"author":[{"embeddable":true,"href":"https:\/\/labcom.ubi.pt\/en\/wp-json\/wp\/v2\/users\/2"}],"replies":[{"embeddable":true,"href":"https:\/\/labcom.ubi.pt\/en\/wp-json\/wp\/v2\/comments?post=33715"}],"version-history":[{"count":1,"href":"https:\/\/labcom.ubi.pt\/en\/wp-json\/wp\/v2\/pages\/33715\/revisions"}],"predecessor-version":[{"id":33716,"href":"https:\/\/labcom.ubi.pt\/en\/wp-json\/wp\/v2\/pages\/33715\/revisions\/33716"}],"wp:attachment":[{"href":"https:\/\/labcom.ubi.pt\/en\/wp-json\/wp\/v2\/media?parent=33715"}],"curies":[{"name":"wp","href":"https:\/\/api.w.org\/{rel}","templated":true}]}}